{"id":919,"date":"2024-05-31T07:44:59","date_gmt":"2024-05-31T07:44:59","guid":{"rendered":"http:\/\/alemanlanzarote.com\/?page_id=919"},"modified":"2024-06-21T15:43:30","modified_gmt":"2024-06-21T15:43:30","slug":"usuarios","status":"publish","type":"page","link":"https:\/\/alemanlanzarote.com\/?page_id=919","title":{"rendered":"Usuarios"},"content":{"rendered":"<div class=\"wp-block-image\">\n<figure class=\"alignleft size-full\"><img loading=\"lazy\" decoding=\"async\" width=\"180\" height=\"180\" src=\"https:\/\/alemanlanzarote.com\/wp-content\/uploads\/2024\/06\/Huella.jpg\" alt=\"\" class=\"wp-image-1486\" srcset=\"https:\/\/alemanlanzarote.com\/wp-content\/uploads\/2024\/06\/Huella.jpg 180w, https:\/\/alemanlanzarote.com\/wp-content\/uploads\/2024\/06\/Huella-150x150.jpg 150w, https:\/\/alemanlanzarote.com\/wp-content\/uploads\/2024\/06\/Huella-100x100.jpg 100w\" sizes=\"auto, (max-width: 180px) 100vw, 180px\" \/><\/figure>\n<\/div>\n\n\n<p><\/p>\n\n\n\n<p>Espacio especial para usuarios\/alumnos registrados.<br><a href=\"https:\/\/alemanlanzarote.net\/blog\/\" title=\"\">Si eres usuario haz click aqu\u00ed para iniciar sesi\u00f3n, o usa la contrase\u00f1a.<\/a><\/p>\n\n\n\n<p><\/p>\n\n\n\n<p><\/p>\n\n\n\n<p>Si estas interesado, m\u00e1ndanos un email a <strong>alemanlanzarote@gmail.com<\/strong><\/p>\n\n\n\n<h3 class=\"wp-block-heading\">Secci\u00f3n para Usuarios Registrados<\/h3>\n\n\n\n<p>Aqu\u00ed se accede a la secci\u00f3n exclusiva para usuarios registrados de nuestra web. Aqu\u00ed encontraras una gran cantidad de material adicional y herramientas dise\u00f1adas para enriquecer tu aprendizaje del alem\u00e1n. A continuaci\u00f3n, te presentamos los recursos y beneficios disponibles para nuestros usuarios registrados:<\/p>\n\n\n\n<h4 class=\"wp-block-heading\">Bibliotecas de Texto y Audio<\/h4>\n\n\n\n<p>Nuestros usuarios registrados tienen acceso a una biblioteca extendida de textos y audios. Estos recursos adicionales incluyen una variedad de art\u00edculos, di\u00e1logos y narraciones que cubren una amplia gama de temas y niveles de dificultad, lo que permite practicar y mejorar la comprensi\u00f3n y expresi\u00f3n en alem\u00e1n.<\/p>\n\n\n\n<h4 class=\"wp-block-heading\">Videos Flash de Vocabulario<\/h4>\n\n\n\n<p>Los registrados tambi\u00e9n tienen acceso a nuestra exclusiva colecci\u00f3n de videos flash de vocabulario. Estos videos son muy cortos y est\u00e1n dise\u00f1ados para mostrar el significado de las palabras de manera clara y concisa.<\/p>\n\n\n\n<p>Este m\u00e9todo ha demostrado ser el m\u00e1s efectivo, c\u00f3modo y eficiente para aprender y memorizar vocabulario sin interrupciones de anuncios y promociones.<\/p>\n\n\n\n<h4 class=\"wp-block-heading\">Tarjetas de Vocabulario<\/h4>\n\n\n\n<p>Nuestra secci\u00f3n de tarjetas de vocabulario permite a los alumnos estudiar de forma interactiva. Las tarjetas muestran una palabra en alem\u00e1n y, al darles la vuelta, revelan su significado.<\/p>\n\n\n\n<p>Los alumnos pueden deslizar las tarjetas conocidas y enfocarse en las que necesitan repasar, haciendo del aprendizaje de vocabulario una experiencia c\u00f3moda y \u00fatil.<\/p>\n\n\n\n<h4 class=\"wp-block-heading\">Juegos Educativos<\/h4>\n\n\n\n<p>Para hacer el aprendizaje m\u00e1s divertido, hemos creado una secci\u00f3n de juegos educativos. Estos juegos est\u00e1n dise\u00f1ados para practicar gram\u00e1tica y otros temas de manera sencilla y entretenida, ayudando a reforzar el conocimiento adquirido en clase.<\/p>\n\n\n\n<h4 class=\"wp-block-heading\">C\u00f3mo Acceder a Esta Secci\u00f3n<\/h4>\n\n\n\n<p>Si est\u00e1s interesado en obtener acceso a esta secci\u00f3n exclusiva para usuarios registrados, por favor escr\u00edbenos a la direcci\u00f3n: <a>alemanlanzarote@gmail.com<\/a>. Estaremos encantados de ayudarte a aprovechar al m\u00e1ximo todos estos recursos y a mejorar tu dominio del alem\u00e1n de manera eficaz y divertida.<\/p>\n\n\n\n<p>Esperamos que esta secci\u00f3n te sea de ayuda y que disfrutes utilizando todos los materiales y herramientas adicionales disponibles. <\/p>\n\n\n\n<p>\u00a1Gracias por confiar en nosotros para tu aprendizaje del alem\u00e1n!<\/p>\n","protected":false},"excerpt":{"rendered":"<p>Espacio especial para usuarios\/alumnos registrados.Si eres usuario haz click aqu\u00ed para iniciar sesi\u00f3n, o usa la contrase\u00f1a. Si estas interesado, m\u00e1ndanos un email a alemanlanzarote@gmail.com Secci\u00f3n para Usuarios Registrados Aqu\u00ed se accede a la secci\u00f3n exclusiva para usuarios registrados de nuestra web. Aqu\u00ed encontraras una gran cantidad de material adicional y herramientas dise\u00f1adas para enriquecer [&hellip;]<\/p>\n","protected":false},"author":1,"featured_media":0,"parent":0,"menu_order":0,"comment_status":"closed","ping_status":"closed","template":"","meta":{"om_disable_all_campaigns":false,"_monsterinsights_skip_tracking":false,"_monsterinsights_sitenote_active":false,"_monsterinsights_sitenote_note":"","_monsterinsights_sitenote_category":0,"_uf_show_specific_survey":0,"_uf_disable_surveys":false,"footnotes":""},"class_list":["post-919","page","type-page","status-publish","hentry"],"aioseo_notices":[],"_links":{"self":[{"href":"https:\/\/alemanlanzarote.com\/index.php?rest_route=\/wp\/v2\/pages\/919","targetHints":{"allow":["GET"]}}],"collection":[{"href":"https:\/\/alemanlanzarote.com\/index.php?rest_route=\/wp\/v2\/pages"}],"about":[{"href":"https:\/\/alemanlanzarote.com\/index.php?rest_route=\/wp\/v2\/types\/page"}],"author":[{"embeddable":true,"href":"https:\/\/alemanlanzarote.com\/index.php?rest_route=\/wp\/v2\/users\/1"}],"replies":[{"embeddable":true,"href":"https:\/\/alemanlanzarote.com\/index.php?rest_route=%2Fwp%2Fv2%2Fcomments&post=919"}],"version-history":[{"count":7,"href":"https:\/\/alemanlanzarote.com\/index.php?rest_route=\/wp\/v2\/pages\/919\/revisions"}],"predecessor-version":[{"id":1498,"href":"https:\/\/alemanlanzarote.com\/index.php?rest_route=\/wp\/v2\/pages\/919\/revisions\/1498"}],"wp:attachment":[{"href":"https:\/\/alemanlanzarote.com\/index.php?rest_route=%2Fwp%2Fv2%2Fmedia&parent=919"}],"curies":[{"name":"wp","href":"https:\/\/api.w.org\/{rel}","templated":true}]}}